{"id":8,"date":"2025-03-07T10:36:54","date_gmt":"2025-03-07T10:36:54","guid":{"rendered":"https:\/\/yurukhukuk.com.tr\/?page_id=8"},"modified":"2025-03-07T10:53:47","modified_gmt":"2025-03-07T10:53:47","slug":"maintenance-page","status":"publish","type":"page","link":"https:\/\/yurukhukuk.com.tr\/","title":{"rendered":"Y\u00fcr\u00fck Hukuk B\u00fcrosu"},"content":{"rendered":"\n<div id=\"wp-block-themeisle-blocks-advanced-columns-5e89e5c3\" class=\"wp-block-themeisle-blocks-advanced-columns alignfull has-2-columns has-desktop-equal-layout has-tablet-collapsedRows-layout has-mobile-collapsedRows-layout has-vertical-top has-light-bg\"><div class=\"wp-block-themeisle-blocks-advanced-columns-overlay\"><\/div><div class=\"innerblocks-wrap\">\n<div id=\"wp-block-themeisle-blocks-advanced-column-a063963f\" class=\"wp-block-themeisle-blocks-advanced-column\"><div class=\"wp-block-image\">\n<figure class=\"aligncenter size-full\"><img decoding=\"async\" src=\"https:\/\/demosites.io\/otter\/wp-content\/uploads\/sites\/664\/2022\/10\/hero.png\" alt=\"\" class=\"wp-image-447\"\/><\/figure>\n<\/div><\/div>\n\n\n\n<div id=\"wp-block-themeisle-blocks-advanced-column-3ded13e5\" class=\"wp-block-themeisle-blocks-advanced-column\">\n<p id=\"wp-block-themeisle-blocks-advanced-heading-7088cce4\" class=\"wp-block-themeisle-blocks-advanced-heading wp-block-themeisle-blocks-advanced-heading-7088cce4\"><\/p>\n\n\n\n<h1 id=\"wp-block-themeisle-blocks-advanced-heading-84bfa495\" class=\"wp-block-themeisle-blocks-advanced-heading wp-block-themeisle-blocks-advanced-heading-84bfa495\">Bak\u0131mday\u0131z<\/h1>\n\n\n\n<p id=\"wp-block-themeisle-blocks-advanced-heading-4956a7c6\" class=\"wp-block-themeisle-blocks-advanced-heading wp-block-themeisle-blocks-advanced-heading-4956a7c6\">Web sitemiz bak\u0131mda olup en k\u0131sa s\u00fcrede yay\u0131mlanacakt\u0131r.<\/p>\n\n\n\n<div id=\"wp-block-themeisle-blocks-button-group-1a564573\" class=\"wp-block-themeisle-blocks-button-group wp-block-buttons align-center-tablet\"><\/div>\n<\/div>\n<\/div><\/div>\n\n\n\n<div id=\"CTA\" class=\"wp-block-themeisle-blocks-advanced-columns alignfull has-1-columns has-desktop-equal-layout has-tablet-equal-layout has-mobile-equal-layout has-vertical-top has-light-bg\"><div class=\"wp-block-themeisle-blocks-advanced-columns-overlay\"><\/div><div class=\"innerblocks-wrap\">\n<div id=\"wp-block-themeisle-blocks-advanced-column-f946e12b\" class=\"wp-block-themeisle-blocks-advanced-column\">\n<div id=\"wp-block-themeisle-blocks-advanced-columns-2d40176b\" class=\"wp-block-themeisle-blocks-advanced-columns has-2-columns has-desktop-oneTwo-layout has-tablet-collapsedRows-layout has-mobile-collapsedRows-layout has-vertical-unset\"><div class=\"wp-block-themeisle-blocks-advanced-columns-overlay\"><\/div><div class=\"innerblocks-wrap\">\n<div id=\"wp-block-themeisle-blocks-advanced-column-45b899f6\" class=\"wp-block-themeisle-blocks-advanced-column\">\n<h2 id=\"wp-block-themeisle-blocks-advanced-heading-db73c5e3\" class=\"wp-block-themeisle-blocks-advanced-heading wp-block-themeisle-blocks-advanced-heading-db73c5e3\">\u0130leti\u015fim Formu<\/h2>\n\n\n\n<p id=\"wp-block-themeisle-blocks-advanced-heading-26c7daee\" class=\"wp-block-themeisle-blocks-advanced-heading wp-block-themeisle-blocks-advanced-heading-26c7daee\">\u0130leti\u015fim formunu doldurarak bizimle ileti\u015fime ge\u00e7ebilirsiniz.<\/p>\n<\/div>\n\n\n\n<div id=\"wp-block-themeisle-blocks-advanced-column-68836f76\" class=\"wp-block-themeisle-blocks-advanced-column\">\n<div id=\"wp-block-themeisle-blocks-form-644f144e\" class=\"wp-block-themeisle-blocks-form\" data-option-name=\"bf9b28ff82ce323187abc5d0feb0d8f07ecd8436_644f144e\"><form class=\"otter-form__container\">\n<div id=\"wp-block-themeisle-blocks-form-input-edae5381\" class=\"wp-block-themeisle-blocks-form-input\"><label for=\"wp-block-themeisle-blocks-form-input-edae5381-input\" class=\"otter-form-input-label\"><span class=\"otter-form-input-label__label\">Ad\u0131n\u0131z ve Soyad\u0131n\u0131z<\/span><span class=\"required\">*<\/span><\/label><input type=\"text\" id=\"wp-block-themeisle-blocks-form-input-edae5381-input\" required class=\"otter-form-input\"\/><\/div>\n\n\n\n<div id=\"wp-block-themeisle-blocks-form-input-31fb1741\" class=\"wp-block-themeisle-blocks-form-input\"><label for=\"wp-block-themeisle-blocks-form-input-31fb1741-input\" class=\"otter-form-input-label\"><span class=\"otter-form-input-label__label\">Cep Telefonu Numaran\u0131z<\/span><span class=\"required\">*<\/span><\/label><input type=\"number\" id=\"wp-block-themeisle-blocks-form-input-31fb1741-input\" required class=\"otter-form-input\"\/><\/div>\n\n\n<div class=\"protection\" aria-hidden=\"true\"><input type=\"hidden\" id=\"wp-block-themeisle-blocks-form-644f144e_nonce_field\" name=\"wp-block-themeisle-blocks-form-644f144e_nonce_field\" value=\"90de6e96dd\" \/><input type=\"hidden\" name=\"_wp_http_referer\" value=\"\/index.php?rest_route=%2Fwp%2Fv2%2Fpages%2F8\" \/><input class=\"o-anti-bot\" type=\"checkbox\"><\/div>\n\n\n<div id=\"wp-block-themeisle-blocks-form-textarea-8dd6317b\" class=\"wp-block-themeisle-blocks-form-textarea\"><label for=\"wp-block-themeisle-blocks-form-textarea-8dd6317b-input\" class=\"otter-form-textarea-label\"><span class=\"otter-form-textarea-label__label\">Mesaj\u0131n\u0131z<\/span><\/label><textarea id=\"wp-block-themeisle-blocks-form-textarea-8dd6317b-input\" rows=\"10\" class=\"otter-form-textarea-input\"><\/textarea><\/div>\n\n\n\n<p class=\"has-extra-small-font-size\"><\/p>\n<div class=\"wp-block-button\"><button class=\"wp-block-button__link\" type=\"submit\">Submit<\/button><\/div><\/form><\/div>\n<\/div>\n<\/div><\/div>\n<\/div>\n<\/div><\/div>\n\n\n\n<div id=\"wp-block-themeisle-blocks-advanced-columns-21a3b131\" class=\"wp-block-themeisle-blocks-advanced-columns alignfull has-1-columns has-desktop-equal-layout has-tablet-equal-layout has-mobile-equal-layout has-vertical-unset has-light-bg\"><div class=\"wp-block-themeisle-blocks-advanced-columns-overlay\"><\/div><div class=\"innerblocks-wrap\">\n<div id=\"wp-block-themeisle-blocks-advanced-column-0a21911c\" class=\"wp-block-themeisle-blocks-advanced-column\"><div class=\"wp-block-image is-style-default animated fadeIn\">\n<figure class=\"alignright size-full is-resized\"><a href=\"www.emrekarakas.com.tr\"><img loading=\"lazy\" decoding=\"async\" width=\"500\" height=\"500\" src=\"https:\/\/yurukhukuk.com.tr\/wp-content\/uploads\/2025\/03\/emrekarakas.com_.tr-logo.png\" alt=\"\" class=\"wp-image-12\" style=\"width:155px;height:auto\" srcset=\"https:\/\/yurukhukuk.com.tr\/wp-content\/uploads\/2025\/03\/emrekarakas.com_.tr-logo.png 500w, https:\/\/yurukhukuk.com.tr\/wp-content\/uploads\/2025\/03\/emrekarakas.com_.tr-logo-300x300.png 300w, https:\/\/yurukhukuk.com.tr\/wp-content\/uploads\/2025\/03\/emrekarakas.com_.tr-logo-150x150.png 150w\" sizes=\"auto, (max-width: 500px) 100vw, 500px\" \/><\/a><\/figure>\n<\/div><\/div>\n<\/div><\/div>\n\n\n\n<p><\/p>\n","protected":false},"excerpt":{"rendered":"","protected":false},"author":1,"featured_media":0,"parent":0,"menu_order":0,"comment_status":"closed","ping_status":"closed","template":"templates\/wpmm-page-template.php","meta":{"_themeisle_gutenberg_block_has_review":false,"footnotes":""},"class_list":["post-8","page","type-page","status-publish"],"_links":{"self":[{"href":"https:\/\/yurukhukuk.com.tr\/index.php?rest_route=\/wp\/v2\/pages\/8","targetHints":{"allow":["GET"]}}],"collection":[{"href":"https:\/\/yurukhukuk.com.tr\/index.php?rest_route=\/wp\/v2\/pages"}],"about":[{"href":"https:\/\/yurukhukuk.com.tr\/index.php?rest_route=\/wp\/v2\/types\/page"}],"author":[{"embeddable":true,"href":"https:\/\/yurukhukuk.com.tr\/index.php?rest_route=\/wp\/v2\/users\/1"}],"replies":[{"embeddable":true,"href":"https:\/\/yurukhukuk.com.tr\/index.php?rest_route=%2Fwp%2Fv2%2Fcomments&post=8"}],"version-history":[{"count":4,"href":"https:\/\/yurukhukuk.com.tr\/index.php?rest_route=\/wp\/v2\/pages\/8\/revisions"}],"predecessor-version":[{"id":15,"href":"https:\/\/yurukhukuk.com.tr\/index.php?rest_route=\/wp\/v2\/pages\/8\/revisions\/15"}],"wp:attachment":[{"href":"https:\/\/yurukhukuk.com.tr\/index.php?rest_route=%2Fwp%2Fv2%2Fmedia&parent=8"}],"curies":[{"name":"wp","href":"https:\/\/api.w.org\/{rel}","templated":true}]}}